{"id":7,"date":"2024-06-20T21:33:36","date_gmt":"2024-06-20T19:33:36","guid":{"rendered":"https:\/\/www.ekonomickesluzby.sk\/?page_id=7"},"modified":"2025-01-30T09:03:19","modified_gmt":"2025-01-30T08:03:19","slug":"na-stranke-sa-pracuje","status":"publish","type":"page","link":"https:\/\/www.ekonomickesluzby.sk\/","title":{"rendered":"Domov"},"content":{"rendered":"\t\t<div data-elementor-type=\"wp-page\" data-elementor-id=\"7\" class=\"elementor elementor-7\">\n\t\t\t\t<div class=\"elementor-element elementor-element-f366e28 e-flex e-con-boxed e-con e-parent\" data-id=\"f366e28\" data-element_type=\"container\" data-settings=\"{&quot;background_background&quot;:&quot;classic&quot;}\">\n\t\t\t\t\t<div class=\"e-con-inner\">\n\t\t\t\t<div class=\"elementor-element elementor-element-35e44a9 elementor-widget elementor-widget-text-editor\" data-id=\"35e44a9\" data-element_type=\"widget\" data-widget_type=\"text-editor.default\">\n\t\t\t\t<div class=\"elementor-widget-container\">\n\t\t\t\t\t\t\t\t\t<p>Na str\u00e1nke sa pracuje&#8230;<\/p>\t\t\t\t\t\t\t\t<\/div>\n\t\t\t\t<\/div>\n\t\t\t\t<div class=\"elementor-element elementor-element-4b592cb elementor-widget__width-auto elementor-invisible elementor-widget elementor-widget-heading\" data-id=\"4b592cb\" data-element_type=\"widget\" data-settings=\"{&quot;_animation&quot;:&quot;fadeIn&quot;}\" data-widget_type=\"heading.default\">\n\t\t\t\t<div class=\"elementor-widget-container\">\n\t\t\t\t\t<h1 class=\"elementor-heading-title elementor-size-default\">Profesion\u00e1lne \u00fa\u010dtovn\u00edctvo a ekonomick\u00e9 <br>slu\u017eby pre va\u0161u firmu<\/h1>\t\t\t\t<\/div>\n\t\t\t\t<\/div>\n\t\t\t\t<div class=\"elementor-element elementor-element-9c57c54 elementor-invisible elementor-widget elementor-widget-text-editor\" data-id=\"9c57c54\" data-element_type=\"widget\" data-settings=\"{&quot;_animation&quot;:&quot;fadeIn&quot;,&quot;_animation_delay&quot;:500}\" data-widget_type=\"text-editor.default\">\n\t\t\t\t<div class=\"elementor-widget-container\">\n\t\t\t\t\t\t\t\t\t<p>jednoduch\u00e9 \u00fa\u010dtovn\u00edctvo\u00a0 \u2022\u00a0 <span data-sheets-root=\"1\" data-sheets-value=\"{&quot;1&quot;:2,&quot;2&quot;:&quot;podvojn\u00e9 \u00fa\u010dtovn\u00edctvo&quot;}\" data-sheets-userformat=\"{&quot;2&quot;:15233,&quot;3&quot;:{&quot;1&quot;:0},&quot;10&quot;:2,&quot;11&quot;:0,&quot;12&quot;:0,&quot;14&quot;:{&quot;1&quot;:2,&quot;2&quot;:0},&quot;15&quot;:&quot;\\&quot;Aptos Narrow\\&quot;, sans-serif&quot;,&quot;16&quot;:11}\">podvojn\u00e9 \u00fa\u010dtovn\u00edctvo\u00a0 \u2022\u00a0 \u00fa\u010dtovn\u00edctvo online<\/span><\/p>\t\t\t\t\t\t\t\t<\/div>\n\t\t\t\t<\/div>\n\t\t\t\t<div class=\"elementor-element elementor-element-cb7aeec elementor-button-info elementor-align-center elementor-invisible elementor-widget elementor-widget-button\" data-id=\"cb7aeec\" data-element_type=\"widget\" data-settings=\"{&quot;_animation&quot;:&quot;fadeIn&quot;,&quot;_animation_delay&quot;:700}\" data-widget_type=\"button.default\">\n\t\t\t\t<div class=\"elementor-widget-container\">\n\t\t\t\t\t\t\t\t\t<div class=\"elementor-button-wrapper\">\n\t\t\t\t\t<a class=\"elementor-button elementor-button-link elementor-size-sm\" href=\"https:\/\/www.ekonomickesluzby.sk\/wp-content\/uploads\/2024\/06\/ekonomicke_sluzby.pdf\" target=\"_blank\">\n\t\t\t\t\t\t<span class=\"elementor-button-content-wrapper\">\n\t\t\t\t\t\t<span class=\"elementor-button-icon\">\n\t\t\t\t<svg aria-hidden=\"true\" class=\"e-font-icon-svg e-fas-arrow-right\" viewBox=\"0 0 448 512\" xmlns=\"http:\/\/www.w3.org\/2000\/svg\"><path d=\"M190.5 66.9l22.2-22.2c9.4-9.4 24.6-9.4 33.9 0L441 239c9.4 9.4 9.4 24.6 0 33.9L246.6 467.3c-9.4 9.4-24.6 9.4-33.9 0l-22.2-22.2c-9.5-9.5-9.3-25 .4-34.3L311.4 296H24c-13.3 0-24-10.7-24-24v-32c0-13.3 10.7-24 24-24h287.4L190.9 101.2c-9.8-9.3-10-24.8-.4-34.3z\"><\/path><\/svg>\t\t\t<\/span>\n\t\t\t\t\t\t\t\t\t<span class=\"elementor-button-text\">Pozrie\u0165 ponuku<\/span>\n\t\t\t\t\t<\/span>\n\t\t\t\t\t<\/a>\n\t\t\t\t<\/div>\n\t\t\t\t\t\t\t\t<\/div>\n\t\t\t\t<\/div>\n\t\t\t\t\t<\/div>\n\t\t\t\t<\/div>\n\t\t\t\t<\/div>\n\t\t","protected":false},"excerpt":{"rendered":"<p>Na str\u00e1nke sa pracuje&#8230; Profesion\u00e1lne \u00fa\u010dtovn\u00edctvo a ekonomick\u00e9 slu\u017eby pre va\u0161u firmu jednoduch\u00e9 \u00fa\u010dtovn\u00edctvo\u00a0 \u2022\u00a0 podvojn\u00e9 \u00fa\u010dtovn\u00edctvo\u00a0 \u2022\u00a0 \u00fa\u010dtovn\u00edctvo online Pozrie\u0165 ponuku<\/p>\n","protected":false},"author":1,"featured_media":0,"parent":0,"menu_order":0,"comment_status":"closed","ping_status":"closed","template":"","meta":{"_monsterinsights_skip_tracking":false,"_monsterinsights_sitenote_active":false,"_monsterinsights_sitenote_note":"","_monsterinsights_sitenote_category":0,"footnotes":""},"class_list":["post-7","page","type-page","status-publish","hentry"],"yoast_head":"<!-- This site is optimized with the Yoast SEO plugin v24.4 - https:\/\/yoast.com\/wordpress\/plugins\/seo\/ -->\n<title>Ekonomick\u00e9 slu\u017eby<\/title>\n<meta name=\"description\" content=\"Poskytujeme spo\u013eahliv\u00e9 \u00fa\u010dtovn\u00edctvo, podvojn\u00e9 \u00fa\u010dtovn\u00edctvo a \u00fa\u010dtovn\u00edctvo online pre firmy. Profesion\u00e1lne rie\u0161enia pre va\u0161e podnikanie.\" \/>\n<meta name=\"robots\" content=\"index, follow, max-snippet:-1, max-image-preview:large, max-video-preview:-1\" \/>\n<link rel=\"canonical\" href=\"https:\/\/www.ekonomickesluzby.sk\/\" \/>\n<meta property=\"og:locale\" content=\"sk_SK\" \/>\n<meta property=\"og:type\" content=\"article\" \/>\n<meta property=\"og:title\" content=\"Ekonomick\u00e9 slu\u017eby\" \/>\n<meta property=\"og:description\" content=\"Poskytujeme spo\u013eahliv\u00e9 \u00fa\u010dtovn\u00edctvo, podvojn\u00e9 \u00fa\u010dtovn\u00edctvo a \u00fa\u010dtovn\u00edctvo online pre firmy. Profesion\u00e1lne rie\u0161enia pre va\u0161e podnikanie.\" \/>\n<meta property=\"og:url\" content=\"https:\/\/www.ekonomickesluzby.sk\/\" \/>\n<meta property=\"og:site_name\" content=\"Ekonomick\u00e9 slu\u017eby\" \/>\n<meta property=\"article:modified_time\" content=\"2025-01-30T08:03:19+00:00\" \/>\n<meta name=\"twitter:card\" content=\"summary_large_image\" \/>\n<meta name=\"twitter:label1\" content=\"Predpokladan\u00fd \u010das \u010d\u00edtania\" \/>\n\t<meta name=\"twitter:data1\" content=\"1 min\u00fata\" \/>\n<script type=\"application\/ld+json\" class=\"yoast-schema-graph\">{\"@context\":\"https:\/\/schema.org\",\"@graph\":[{\"@type\":\"WebPage\",\"@id\":\"https:\/\/www.ekonomickesluzby.sk\/\",\"url\":\"https:\/\/www.ekonomickesluzby.sk\/\",\"name\":\"Ekonomick\u00e9 slu\u017eby\",\"isPartOf\":{\"@id\":\"https:\/\/www.ekonomickesluzby.sk\/#website\"},\"datePublished\":\"2024-06-20T19:33:36+00:00\",\"dateModified\":\"2025-01-30T08:03:19+00:00\",\"description\":\"Poskytujeme spo\u013eahliv\u00e9 \u00fa\u010dtovn\u00edctvo, podvojn\u00e9 \u00fa\u010dtovn\u00edctvo a \u00fa\u010dtovn\u00edctvo online pre firmy. Profesion\u00e1lne rie\u0161enia pre va\u0161e podnikanie.\",\"breadcrumb\":{\"@id\":\"https:\/\/www.ekonomickesluzby.sk\/#breadcrumb\"},\"inLanguage\":\"sk-SK\",\"potentialAction\":[{\"@type\":\"ReadAction\",\"target\":[\"https:\/\/www.ekonomickesluzby.sk\/\"]}]},{\"@type\":\"BreadcrumbList\",\"@id\":\"https:\/\/www.ekonomickesluzby.sk\/#breadcrumb\",\"itemListElement\":[{\"@type\":\"ListItem\",\"position\":1,\"name\":\"Domovsk\u00e1 str\u00e1nka\",\"item\":\"https:\/\/www.ekonomickesluzby.sk\/\"},{\"@type\":\"ListItem\",\"position\":2,\"name\":\"Domov\"}]},{\"@type\":\"WebSite\",\"@id\":\"https:\/\/www.ekonomickesluzby.sk\/#website\",\"url\":\"https:\/\/www.ekonomickesluzby.sk\/\",\"name\":\"Ekonomick\u00e9 slu\u017eby\",\"description\":\"Poctivou pr\u00e1cou k spokojnosti klienta...\",\"potentialAction\":[{\"@type\":\"SearchAction\",\"target\":{\"@type\":\"EntryPoint\",\"urlTemplate\":\"https:\/\/www.ekonomickesluzby.sk\/?s={search_term_string}\"},\"query-input\":{\"@type\":\"PropertyValueSpecification\",\"valueRequired\":true,\"valueName\":\"search_term_string\"}}],\"inLanguage\":\"sk-SK\"}]}<\/script>\n<!-- \/ Yoast SEO plugin. -->","yoast_head_json":{"title":"Ekonomick\u00e9 slu\u017eby","description":"Poskytujeme spo\u013eahliv\u00e9 \u00fa\u010dtovn\u00edctvo, podvojn\u00e9 \u00fa\u010dtovn\u00edctvo a \u00fa\u010dtovn\u00edctvo online pre firmy. Profesion\u00e1lne rie\u0161enia pre va\u0161e podnikanie.","robots":{"index":"index","follow":"follow","max-snippet":"max-snippet:-1","max-image-preview":"max-image-preview:large","max-video-preview":"max-video-preview:-1"},"canonical":"https:\/\/www.ekonomickesluzby.sk\/","og_locale":"sk_SK","og_type":"article","og_title":"Ekonomick\u00e9 slu\u017eby","og_description":"Poskytujeme spo\u013eahliv\u00e9 \u00fa\u010dtovn\u00edctvo, podvojn\u00e9 \u00fa\u010dtovn\u00edctvo a \u00fa\u010dtovn\u00edctvo online pre firmy. Profesion\u00e1lne rie\u0161enia pre va\u0161e podnikanie.","og_url":"https:\/\/www.ekonomickesluzby.sk\/","og_site_name":"Ekonomick\u00e9 slu\u017eby","article_modified_time":"2025-01-30T08:03:19+00:00","twitter_card":"summary_large_image","twitter_misc":{"Predpokladan\u00fd \u010das \u010d\u00edtania":"1 min\u00fata"},"schema":{"@context":"https:\/\/schema.org","@graph":[{"@type":"WebPage","@id":"https:\/\/www.ekonomickesluzby.sk\/","url":"https:\/\/www.ekonomickesluzby.sk\/","name":"Ekonomick\u00e9 slu\u017eby","isPartOf":{"@id":"https:\/\/www.ekonomickesluzby.sk\/#website"},"datePublished":"2024-06-20T19:33:36+00:00","dateModified":"2025-01-30T08:03:19+00:00","description":"Poskytujeme spo\u013eahliv\u00e9 \u00fa\u010dtovn\u00edctvo, podvojn\u00e9 \u00fa\u010dtovn\u00edctvo a \u00fa\u010dtovn\u00edctvo online pre firmy. Profesion\u00e1lne rie\u0161enia pre va\u0161e podnikanie.","breadcrumb":{"@id":"https:\/\/www.ekonomickesluzby.sk\/#breadcrumb"},"inLanguage":"sk-SK","potentialAction":[{"@type":"ReadAction","target":["https:\/\/www.ekonomickesluzby.sk\/"]}]},{"@type":"BreadcrumbList","@id":"https:\/\/www.ekonomickesluzby.sk\/#breadcrumb","itemListElement":[{"@type":"ListItem","position":1,"name":"Domovsk\u00e1 str\u00e1nka","item":"https:\/\/www.ekonomickesluzby.sk\/"},{"@type":"ListItem","position":2,"name":"Domov"}]},{"@type":"WebSite","@id":"https:\/\/www.ekonomickesluzby.sk\/#website","url":"https:\/\/www.ekonomickesluzby.sk\/","name":"Ekonomick\u00e9 slu\u017eby","description":"Poctivou pr\u00e1cou k spokojnosti klienta...","potentialAction":[{"@type":"SearchAction","target":{"@type":"EntryPoint","urlTemplate":"https:\/\/www.ekonomickesluzby.sk\/?s={search_term_string}"},"query-input":{"@type":"PropertyValueSpecification","valueRequired":true,"valueName":"search_term_string"}}],"inLanguage":"sk-SK"}]}},"_links":{"self":[{"href":"https:\/\/www.ekonomickesluzby.sk\/index.php\/wp-json\/wp\/v2\/pages\/7","targetHints":{"allow":["GET"]}}],"collection":[{"href":"https:\/\/www.ekonomickesluzby.sk\/index.php\/wp-json\/wp\/v2\/pages"}],"about":[{"href":"https:\/\/www.ekonomickesluzby.sk\/index.php\/wp-json\/wp\/v2\/types\/page"}],"author":[{"embeddable":true,"href":"https:\/\/www.ekonomickesluzby.sk\/index.php\/wp-json\/wp\/v2\/users\/1"}],"replies":[{"embeddable":true,"href":"https:\/\/www.ekonomickesluzby.sk\/index.php\/wp-json\/wp\/v2\/comments?post=7"}],"version-history":[{"count":78,"href":"https:\/\/www.ekonomickesluzby.sk\/index.php\/wp-json\/wp\/v2\/pages\/7\/revisions"}],"predecessor-version":[{"id":98,"href":"https:\/\/www.ekonomickesluzby.sk\/index.php\/wp-json\/wp\/v2\/pages\/7\/revisions\/98"}],"wp:attachment":[{"href":"https:\/\/www.ekonomickesluzby.sk\/index.php\/wp-json\/wp\/v2\/media?parent=7"}],"curies":[{"name":"wp","href":"https:\/\/api.w.org\/{rel}","templated":true}]}}